{"id":1960,"date":"2023-02-12T15:21:08","date_gmt":"2023-02-12T15:21:08","guid":{"rendered":"https:\/\/triqarena.com\/hjem\/"},"modified":"2023-07-06T04:08:10","modified_gmt":"2023-07-06T04:08:10","slug":"hjem","status":"publish","type":"page","link":"https:\/\/triqarena.com\/da\/","title":{"rendered":"Hjem"},"content":{"rendered":"","protected":false},"excerpt":{"rendered":"","protected":false},"author":1,"featured_media":0,"parent":0,"menu_order":0,"comment_status":"closed","ping_status":"closed","template":"templates\/template-hem.php","meta":{"_acf_changed":false,"footnotes":""},"class_list":["post-1960","page","type-page","status-publish","hentry"],"acf":[],"yoast_head":"<!-- This site is optimized with the Yoast SEO plugin v24.7 - https:\/\/yoast.com\/wordpress\/plugins\/seo\/ -->\n<title>TRiQ Arena boldsportens skatepark<\/title>\n<meta name=\"description\" content=\"TRiQ aktivitetspark for alle - innovative aktivitetsparker designet specielt til h\u00e5ndbold, fodbold og ketchersport. Fleksible l\u00f8sninger. Book et m\u00f8de i dag.\" \/>\n<meta name=\"robots\" content=\"index, follow, max-snippet:-1, max-image-preview:large, max-video-preview:-1\" \/>\n<link rel=\"canonical\" href=\"https:\/\/triqarena.com\/da\/\" \/>\n<meta property=\"og:locale\" content=\"da_DK\" \/>\n<meta property=\"og:type\" content=\"article\" \/>\n<meta property=\"og:title\" content=\"Forside | TRiQ Arena\" \/>\n<meta property=\"og:description\" content=\"TRiQ aktivitetspark for alle - innovative aktivitetsparker designet specielt til h\u00e5ndbold, fodbold og ketchersport. Fleksible l\u00f8sninger. Book et m\u00f8de i dag.\" \/>\n<meta property=\"og:url\" content=\"https:\/\/triqarena.com\/da\/\" \/>\n<meta property=\"og:site_name\" content=\"TriQ Arena\" \/>\n<meta property=\"article:modified_time\" content=\"2023-07-06T04:08:10+00:00\" \/>\n<meta property=\"og:image\" content=\"https:\/\/triq.dev.bah.nu\/wp-content\/uploads\/2023\/02\/slider4-1024x564.jpg\" \/>\n<meta name=\"twitter:card\" content=\"summary_large_image\" \/>\n<meta name=\"twitter:title\" content=\"Forside | TRiQ Arena\" \/>\n<meta name=\"twitter:image\" content=\"https:\/\/triq.dev.bah.nu\/wp-content\/uploads\/2023\/02\/slider4-1024x564.jpg\" \/>\n<script type=\"application\/ld+json\" class=\"yoast-schema-graph\">{\"@context\":\"https:\/\/schema.org\",\"@graph\":[{\"@type\":\"WebPage\",\"@id\":\"https:\/\/triqarena.com\/da\/\",\"url\":\"https:\/\/triqarena.com\/da\/\",\"name\":\"TRiQ Arena boldsportens skatepark\",\"isPartOf\":{\"@id\":\"https:\/\/triqarena.com\/da\/#website\"},\"datePublished\":\"2023-02-12T15:21:08+00:00\",\"dateModified\":\"2023-07-06T04:08:10+00:00\",\"description\":\"TRiQ aktivitetspark for alle - innovative aktivitetsparker designet specielt til h\u00e5ndbold, fodbold og ketchersport. Fleksible l\u00f8sninger. Book et m\u00f8de i dag.\",\"breadcrumb\":{\"@id\":\"https:\/\/triqarena.com\/da\/#breadcrumb\"},\"inLanguage\":\"da-DK\",\"potentialAction\":[{\"@type\":\"ReadAction\",\"target\":[\"https:\/\/triqarena.com\/da\/\"]}]},{\"@type\":\"BreadcrumbList\",\"@id\":\"https:\/\/triqarena.com\/da\/#breadcrumb\",\"itemListElement\":[{\"@type\":\"ListItem\",\"position\":1,\"name\":\"Home\",\"item\":\"https:\/\/triqarena.com\/da\/hjem\/\"},{\"@type\":\"ListItem\",\"position\":2,\"name\":\"Hjem\"}]},{\"@type\":\"WebSite\",\"@id\":\"https:\/\/triqarena.com\/da\/#website\",\"url\":\"https:\/\/triqarena.com\/da\/\",\"name\":\"TriQ Arena\",\"description\":\"Bollsporternas skatepark\",\"potentialAction\":[{\"@type\":\"SearchAction\",\"target\":{\"@type\":\"EntryPoint\",\"urlTemplate\":\"https:\/\/triqarena.com\/da\/?s={search_term_string}\"},\"query-input\":{\"@type\":\"PropertyValueSpecification\",\"valueRequired\":true,\"valueName\":\"search_term_string\"}}],\"inLanguage\":\"da-DK\"}]}<\/script>\n<!-- \/ Yoast SEO plugin. -->","yoast_head_json":{"title":"TRiQ Arena boldsportens skatepark","description":"TRiQ aktivitetspark for alle - innovative aktivitetsparker designet specielt til h\u00e5ndbold, fodbold og ketchersport. Fleksible l\u00f8sninger. Book et m\u00f8de i dag.","robots":{"index":"index","follow":"follow","max-snippet":"max-snippet:-1","max-image-preview":"max-image-preview:large","max-video-preview":"max-video-preview:-1"},"canonical":"https:\/\/triqarena.com\/da\/","og_locale":"da_DK","og_type":"article","og_title":"Forside | TRiQ Arena","og_description":"TRiQ aktivitetspark for alle - innovative aktivitetsparker designet specielt til h\u00e5ndbold, fodbold og ketchersport. Fleksible l\u00f8sninger. Book et m\u00f8de i dag.","og_url":"https:\/\/triqarena.com\/da\/","og_site_name":"TriQ Arena","article_modified_time":"2023-07-06T04:08:10+00:00","og_image":[{"url":"https:\/\/triq.dev.bah.nu\/wp-content\/uploads\/2023\/02\/slider4-1024x564.jpg","type":"","width":"","height":""}],"twitter_card":"summary_large_image","twitter_title":"Forside | TRiQ Arena","twitter_image":"https:\/\/triq.dev.bah.nu\/wp-content\/uploads\/2023\/02\/slider4-1024x564.jpg","schema":{"@context":"https:\/\/schema.org","@graph":[{"@type":"WebPage","@id":"https:\/\/triqarena.com\/da\/","url":"https:\/\/triqarena.com\/da\/","name":"TRiQ Arena boldsportens skatepark","isPartOf":{"@id":"https:\/\/triqarena.com\/da\/#website"},"datePublished":"2023-02-12T15:21:08+00:00","dateModified":"2023-07-06T04:08:10+00:00","description":"TRiQ aktivitetspark for alle - innovative aktivitetsparker designet specielt til h\u00e5ndbold, fodbold og ketchersport. Fleksible l\u00f8sninger. Book et m\u00f8de i dag.","breadcrumb":{"@id":"https:\/\/triqarena.com\/da\/#breadcrumb"},"inLanguage":"da-DK","potentialAction":[{"@type":"ReadAction","target":["https:\/\/triqarena.com\/da\/"]}]},{"@type":"BreadcrumbList","@id":"https:\/\/triqarena.com\/da\/#breadcrumb","itemListElement":[{"@type":"ListItem","position":1,"name":"Home","item":"https:\/\/triqarena.com\/da\/hjem\/"},{"@type":"ListItem","position":2,"name":"Hjem"}]},{"@type":"WebSite","@id":"https:\/\/triqarena.com\/da\/#website","url":"https:\/\/triqarena.com\/da\/","name":"TriQ Arena","description":"Bollsporternas skatepark","potentialAction":[{"@type":"SearchAction","target":{"@type":"EntryPoint","urlTemplate":"https:\/\/triqarena.com\/da\/?s={search_term_string}"},"query-input":{"@type":"PropertyValueSpecification","valueRequired":true,"valueName":"search_term_string"}}],"inLanguage":"da-DK"}]}},"_links":{"self":[{"href":"https:\/\/triqarena.com\/da\/wp-json\/wp\/v2\/pages\/1960","targetHints":{"allow":["GET"]}}],"collection":[{"href":"https:\/\/triqarena.com\/da\/wp-json\/wp\/v2\/pages"}],"about":[{"href":"https:\/\/triqarena.com\/da\/wp-json\/wp\/v2\/types\/page"}],"author":[{"embeddable":true,"href":"https:\/\/triqarena.com\/da\/wp-json\/wp\/v2\/users\/1"}],"replies":[{"embeddable":true,"href":"https:\/\/triqarena.com\/da\/wp-json\/wp\/v2\/comments?post=1960"}],"version-history":[{"count":3,"href":"https:\/\/triqarena.com\/da\/wp-json\/wp\/v2\/pages\/1960\/revisions"}],"predecessor-version":[{"id":2063,"href":"https:\/\/triqarena.com\/da\/wp-json\/wp\/v2\/pages\/1960\/revisions\/2063"}],"wp:attachment":[{"href":"https:\/\/triqarena.com\/da\/wp-json\/wp\/v2\/media?parent=1960"}],"curies":[{"name":"wp","href":"https:\/\/api.w.org\/{rel}","templated":true}]}}